{"id":11823,"date":"2022-10-03T06:14:48","date_gmt":"2022-10-03T06:14:48","guid":{"rendered":"https:\/\/lin.com.tn\/?page_id=11823"},"modified":"2022-10-03T06:17:28","modified_gmt":"2022-10-03T06:17:28","slug":"cimenteries-et-briqueteries","status":"publish","type":"page","link":"https:\/\/lin.com.tn\/index.php\/cimenteries-et-briqueteries\/","title":{"rendered":"Produits solutions (sabli\u00e8res et carri\u00e8res)"},"content":{"rendered":"\t\t<div data-elementor-type=\"wp-page\" data-elementor-id=\"11823\" class=\"elementor elementor-11823\">\n\t\t\t\t\t\t\t\t\t<section class=\"elementor-section elementor-top-section elementor-element elementor-element-c2943fe elementor-section-boxed elementor-section-height-default elementor-section-height-default\" data-id=\"c2943fe\" data-element_type=\"section\" data-settings=\"{&quot;background_background&quot;:&quot;classic&quot;}\">\n\t\t\t\t\t\t<div class=\"elementor-container elementor-column-gap-default\">\n\t\t\t\t\t<div class=\"elementor-column elementor-col-100 elementor-top-column elementor-element elementor-element-7c2b8de\" data-id=\"7c2b8de\" data-element_type=\"column\">\n\t\t\t<div class=\"elementor-widget-wrap elementor-element-populated\">\n\t\t\t\t\t\t\t\t<div class=\"elementor-element elementor-element-9031ee5 elementor-widget elementor-widget-spacer\" data-id=\"9031ee5\" data-element_type=\"widget\" data-widget_type=\"spacer.default\">\n\t\t\t\t<div class=\"elementor-widget-container\">\n\t\t\t<style>\/*! elementor - v3.18.0 - 20-12-2023 *\/\n.elementor-column .elementor-spacer-inner{height:var(--spacer-size)}.e-con{--container-widget-width:100%}.e-con-inner>.elementor-widget-spacer,.e-con>.elementor-widget-spacer{width:var(--container-widget-width,var(--spacer-size));--align-self:var(--container-widget-align-self,initial);--flex-shrink:0}.e-con-inner>.elementor-widget-spacer>.elementor-widget-container,.e-con>.elementor-widget-spacer>.elementor-widget-container{height:100%;width:100%}.e-con-inner>.elementor-widget-spacer>.elementor-widget-container>.elementor-spacer,.e-con>.elementor-widget-spacer>.elementor-widget-container>.elementor-spacer{height:100%}.e-con-inner>.elementor-widget-spacer>.elementor-widget-container>.elementor-spacer>.elementor-spacer-inner,.e-con>.elementor-widget-spacer>.elementor-widget-container>.elementor-spacer>.elementor-spacer-inner{height:var(--container-widget-height,var(--spacer-size))}.e-con-inner>.elementor-widget-spacer.elementor-widget-empty,.e-con>.elementor-widget-spacer.elementor-widget-empty{position:relative;min-height:22px;min-width:22px}.e-con-inner>.elementor-widget-spacer.elementor-widget-empty .elementor-widget-empty-icon,.e-con>.elementor-widget-spacer.elementor-widget-empty .elementor-widget-empty-icon{position:absolute;top:0;bottom:0;left:0;right:0;margin:auto;padding:0;width:22px;height:22px}<\/style>\t\t<div class=\"elementor-spacer\">\n\t\t\t<div class=\"elementor-spacer-inner\"><\/div>\n\t\t<\/div>\n\t\t\t\t<\/div>\n\t\t\t\t<\/div>\n\t\t\t\t<div class=\"elementor-element elementor-element-4a21574 elementor-widget elementor-widget-heading\" data-id=\"4a21574\" data-element_type=\"widget\" data-widget_type=\"heading.default\">\n\t\t\t\t<div class=\"elementor-widget-container\">\n\t\t\t<style>\/*! elementor - v3.18.0 - 20-12-2023 *\/\n.elementor-heading-title{padding:0;margin:0;line-height:1}.elementor-widget-heading .elementor-heading-title[class*=elementor-size-]>a{color:inherit;font-size:inherit;line-height:inherit}.elementor-widget-heading .elementor-heading-title.elementor-size-small{font-size:15px}.elementor-widget-heading .elementor-heading-title.elementor-size-medium{font-size:19px}.elementor-widget-heading .elementor-heading-title.elementor-size-large{font-size:29px}.elementor-widget-heading .elementor-heading-title.elementor-size-xl{font-size:39px}.elementor-widget-heading .elementor-heading-title.elementor-size-xxl{font-size:59px}<\/style><h1 class=\"elementor-heading-title elementor-size-default\">Mines, sabli\u00e8res et carri\u00e8res<\/h1>\t\t<\/div>\n\t\t\t\t<\/div>\n\t\t\t\t<div class=\"elementor-element elementor-element-3d08bdc elementor-widget elementor-widget-html\" data-id=\"3d08bdc\" data-element_type=\"widget\" data-widget_type=\"html.default\">\n\t\t\t\t<div class=\"elementor-widget-container\">\n\t\t\t<div class=\"d-flex list-breadcrumb\">\n<a href=\"\/index.php\/solution-et-services\" class=\"breadcrumb-item\">Produits et solutions  <\/a>\n<div class=\"breadcrumb-item\">Cimenteries et briqueteries <\/div>\n\t\t<\/div>\n\t\t\t\t<\/div>\n\t\t\t\t<div class=\"elementor-element elementor-element-91ca6bc elementor-widget elementor-widget-spacer\" data-id=\"91ca6bc\" data-element_type=\"widget\" data-widget_type=\"spacer.default\">\n\t\t\t\t<div class=\"elementor-widget-container\">\n\t\t\t\t\t<div class=\"elementor-spacer\">\n\t\t\t<div class=\"elementor-spacer-inner\"><\/div>\n\t\t<\/div>\n\t\t\t\t<\/div>\n\t\t\t\t<\/div>\n\t\t\t\t\t<\/div>\n\t\t<\/div>\n\t\t\t\t\t\t\t<\/div>\n\t\t<\/section>\n\t\t\t\t<section class=\"elementor-section elementor-top-section elementor-element elementor-element-8f7ae8f elementor-section-full_width elementor-section-height-default elementor-section-height-default\" data-id=\"8f7ae8f\" data-element_type=\"section\">\n\t\t\t\t\t\t<div class=\"elementor-container elementor-column-gap-default\">\n\t\t\t\t\t<div class=\"elementor-column elementor-col-100 elementor-top-column elementor-element elementor-element-f27daa3\" data-id=\"f27daa3\" data-element_type=\"column\">\n\t\t\t<div class=\"elementor-widget-wrap elementor-element-populated\">\n\t\t\t\t\t\t\t\t<section class=\"elementor-section elementor-inner-section elementor-element elementor-element-a26719b elementor-section-full_width elementor-section-height-default elementor-section-height-default\" data-id=\"a26719b\" data-element_type=\"section\">\n\t\t\t\t\t\t<div class=\"elementor-container elementor-column-gap-default\">\n\t\t\t\t\t<div class=\"elementor-column elementor-col-100 elementor-inner-column elementor-element elementor-element-bb578fd\" data-id=\"bb578fd\" data-element_type=\"column\">\n\t\t\t<div class=\"elementor-widget-wrap elementor-element-populated\">\n\t\t\t\t\t\t\t\t<div class=\"elementor-element elementor-element-88e4ed2 img_hover_animation_img_zoom_in readmore-btn-default-style grid-hover-overlay-type-always tpg-el-box-border-enable tpg-border-bottom-disable elementor-widget elementor-widget-tpg-list-layout\" data-id=\"88e4ed2\" data-element_type=\"widget\" data-widget_type=\"tpg-list-layout.default\">\n\t\t\t\t<div class=\"elementor-widget-container\">\n\t\t\t\r\n        <div class=\"rt-container-fluid rt-tpg-container tpg-el-main-wrapper list-layout1-main \"\r\n             data-sc-id=\"elementor\"\r\n             id=\"rt-tpg-container-2064276508\"\r\n             data-layout=\"list-layout1\"\r\n             data-grid-style=\"tpg-even\"\r\n             data-el-settings=''\r\n             data-el-query=''\r\n             data-el-path=''\r\n        >\r\n\t\t\t<div class='tpg-header-wrapper '><\/div>\r\n            <div data-title=\"Loading ...\" class=\"rt-row rt-content-loader list-layout1 tpg-even list-behaviour list-layout-wrapper\">\r\n\t\t\t\t\r\n<div class=\"rt-col-md-3 rt-col-sm-12 rt-col-xs-12 img_zoom_in rt-list-item rt-grid-item\" data-id=\"11835\">\r\n\t<div class=\"rt-holder tpg-post-holder\">\r\n\t\t<div class=\"rt-detail rt-el-content-wrapper\">\r\n\t\t\t\t\t\t\t<div class=\"rt-img-holder tpg-el-image-wrap has-thumbnail\">\r\n\t\t\t\t\t<a data-id=\"11835\" href=\"https:\/\/lin.com.tn\/index.php\/solutions_produits\/mines-sablieres-et-carrieres-2\/\" class=\"tpg-post-link\" target=\"_self\">                        <img fetchpriority=\"high\" decoding=\"async\" src=\"https:\/\/lin.com.tn\/wp-content\/uploads\/2021\/11\/Groupe-de-masques-79-300x300.png\"\r\n                             class=\"rt-img-responsive\"\r\n                             width=\"300\"\r\n                             height=\"300\"\r\n                             alt=\"Cimenteries et briqueteries\">\r\n\t\t\t\t\t\t\r\n\t\t\t\t\t\t\t\r\n\t\t<\/a>\r\n\t\t        <div class=\"overlay grid-hover-content\"><\/div>\r\n\t\t\t\t\t\t<\/div>\r\n\t\t\t\r\n\t\t\t<div class=\"post-right-content\">\r\n\t\t\t\t\r\n\t\t\t\t\r\n\t\t\t\t\r\n\t\t\t\t        <div class=\"post-footer\">\r\n            <div class=\"post-footer\">\r\n                <div class=\"read-more\">\r\n\t\t\t\t\t<a data-id=\"11835\" href=\"https:\/\/lin.com.tn\/index.php\/solutions_produits\/mines-sablieres-et-carrieres-2\/\" class=\"tpg-post-link\" target=\"_self\">Read More<\/a>                <\/div>\r\n            <\/div>\r\n        <\/div>\r\n\t\t\t\t\t<\/div>\r\n\t\t<\/div>\r\n\t<\/div>\r\n<\/div>\r\n\r\n<div class=\"rt-col-md-3 rt-col-sm-12 rt-col-xs-12 img_zoom_in rt-list-item rt-grid-item\" data-id=\"10944\">\r\n\t<div class=\"rt-holder tpg-post-holder\">\r\n\t\t<div class=\"rt-detail rt-el-content-wrapper\">\r\n\t\t\t\t\t\t\t<div class=\"rt-img-holder tpg-el-image-wrap has-thumbnail\">\r\n\t\t\t\t\t<a data-id=\"10944\" href=\"https:\/\/lin.com.tn\/index.php\/solutions_produits\/mines-sablieres-et-carrieres\/\" class=\"tpg-post-link\" target=\"_self\">                        <img decoding=\"async\" src=\"https:\/\/lin.com.tn\/wp-content\/uploads\/2021\/11\/Groupe-de-masques-79-300x300.png\"\r\n                             class=\"rt-img-responsive\"\r\n                             width=\"300\"\r\n                             height=\"300\"\r\n                             alt=\"Mines, sabli\u00e8res et carri\u00e8res\">\r\n\t\t\t\t\t\t\r\n\t\t\t\t\t\t\t\r\n\t\t<\/a>\r\n\t\t        <div class=\"overlay grid-hover-content\"><\/div>\r\n\t\t\t\t\t\t<\/div>\r\n\t\t\t\r\n\t\t\t<div class=\"post-right-content\">\r\n\t\t\t\t\r\n\t\t\t\t\r\n\t\t\t\t\r\n\t\t\t\t        <div class=\"post-footer\">\r\n            <div class=\"post-footer\">\r\n                <div class=\"read-more\">\r\n\t\t\t\t\t<a data-id=\"10944\" href=\"https:\/\/lin.com.tn\/index.php\/solutions_produits\/mines-sablieres-et-carrieres\/\" class=\"tpg-post-link\" target=\"_self\">Read More<\/a>                <\/div>\r\n            <\/div>\r\n        <\/div>\r\n\t\t\t\t\t<\/div>\r\n\t\t<\/div>\r\n\t<\/div>\r\n<\/div>\r\n            <\/div>\r\n\r\n\t\t\t\r\n        <\/div>\r\n\t\t\t\t<\/div>\n\t\t\t\t<\/div>\n\t\t\t\t\t<\/div>\n\t\t<\/div>\n\t\t\t\t\t\t\t<\/div>\n\t\t<\/section>\n\t\t\t\t\t<\/div>\n\t\t<\/div>\n\t\t\t\t\t\t\t<\/div>\n\t\t<\/section>\n\t\t\t\t\t\t\t<\/div>\n\t\t","protected":false},"excerpt":{"rendered":"<p>Mines, sabli\u00e8res et carri\u00e8res Produits et solutions Cimenteries et briqueteries<\/p>\n","protected":false},"author":2,"featured_media":0,"parent":0,"menu_order":0,"comment_status":"closed","ping_status":"closed","template":"elementor_canvas","meta":{"inline_featured_image":false,"footnotes":""},"class_list":["post-11823","page","type-page","status-publish","hentry"],"yoast_head":"<!-- This site is optimized with the Yoast SEO plugin v21.7 - https:\/\/yoast.com\/wordpress\/plugins\/seo\/ -->\n<title>Produits solutions (sabli\u00e8res et carri\u00e8res) -<\/title>\n<meta name=\"robots\" content=\"index, follow, max-snippet:-1, max-image-preview:large, max-video-preview:-1\" \/>\n<link rel=\"canonical\" href=\"https:\/\/lin.com.tn\/index.php\/cimenteries-et-briqueteries\/\" \/>\n<meta property=\"og:locale\" content=\"en_US\" \/>\n<meta property=\"og:type\" content=\"article\" \/>\n<meta property=\"og:title\" content=\"Produits solutions (sabli\u00e8res et carri\u00e8res) -\" \/>\n<meta property=\"og:description\" content=\"Mines, sabli\u00e8res et carri\u00e8res Produits et solutions Cimenteries et briqueteries\" \/>\n<meta property=\"og:url\" content=\"https:\/\/lin.com.tn\/index.php\/cimenteries-et-briqueteries\/\" \/>\n<meta property=\"article:modified_time\" content=\"2022-10-03T06:17:28+00:00\" \/>\n<meta property=\"og:image\" content=\"https:\/\/lin.com.tn\/wp-content\/uploads\/2021\/11\/Groupe-de-masques-79-300x300.png\" \/>\n<meta name=\"twitter:card\" content=\"summary_large_image\" \/>\n<meta name=\"twitter:label1\" content=\"Est. reading time\" \/>\n\t<meta name=\"twitter:data1\" content=\"1 minute\" \/>\n<script type=\"application\/ld+json\" class=\"yoast-schema-graph\">{\"@context\":\"https:\/\/schema.org\",\"@graph\":[{\"@type\":\"WebPage\",\"@id\":\"https:\/\/lin.com.tn\/index.php\/cimenteries-et-briqueteries\/\",\"url\":\"https:\/\/lin.com.tn\/index.php\/cimenteries-et-briqueteries\/\",\"name\":\"Produits solutions (sabli\u00e8res et carri\u00e8res) -\",\"isPartOf\":{\"@id\":\"https:\/\/lin.com.tn\/#website\"},\"datePublished\":\"2022-10-03T06:14:48+00:00\",\"dateModified\":\"2022-10-03T06:17:28+00:00\",\"inLanguage\":\"en-US\",\"potentialAction\":[{\"@type\":\"ReadAction\",\"target\":[\"https:\/\/lin.com.tn\/index.php\/cimenteries-et-briqueteries\/\"]}]},{\"@type\":\"WebSite\",\"@id\":\"https:\/\/lin.com.tn\/#website\",\"url\":\"https:\/\/lin.com.tn\/\",\"name\":\"\",\"description\":\"\",\"potentialAction\":[{\"@type\":\"SearchAction\",\"target\":{\"@type\":\"EntryPoint\",\"urlTemplate\":\"https:\/\/lin.com.tn\/?s={search_term_string}\"},\"query-input\":\"required name=search_term_string\"}],\"inLanguage\":\"en-US\"}]}<\/script>\n<!-- \/ Yoast SEO plugin. -->","yoast_head_json":{"title":"Produits solutions (sabli\u00e8res et carri\u00e8res) -","robots":{"index":"index","follow":"follow","max-snippet":"max-snippet:-1","max-image-preview":"max-image-preview:large","max-video-preview":"max-video-preview:-1"},"canonical":"https:\/\/lin.com.tn\/index.php\/cimenteries-et-briqueteries\/","og_locale":"en_US","og_type":"article","og_title":"Produits solutions (sabli\u00e8res et carri\u00e8res) -","og_description":"Mines, sabli\u00e8res et carri\u00e8res Produits et solutions Cimenteries et briqueteries","og_url":"https:\/\/lin.com.tn\/index.php\/cimenteries-et-briqueteries\/","article_modified_time":"2022-10-03T06:17:28+00:00","og_image":[{"url":"https:\/\/lin.com.tn\/wp-content\/uploads\/2021\/11\/Groupe-de-masques-79-300x300.png"}],"twitter_card":"summary_large_image","twitter_misc":{"Est. reading time":"1 minute"},"schema":{"@context":"https:\/\/schema.org","@graph":[{"@type":"WebPage","@id":"https:\/\/lin.com.tn\/index.php\/cimenteries-et-briqueteries\/","url":"https:\/\/lin.com.tn\/index.php\/cimenteries-et-briqueteries\/","name":"Produits solutions (sabli\u00e8res et carri\u00e8res) -","isPartOf":{"@id":"https:\/\/lin.com.tn\/#website"},"datePublished":"2022-10-03T06:14:48+00:00","dateModified":"2022-10-03T06:17:28+00:00","inLanguage":"en-US","potentialAction":[{"@type":"ReadAction","target":["https:\/\/lin.com.tn\/index.php\/cimenteries-et-briqueteries\/"]}]},{"@type":"WebSite","@id":"https:\/\/lin.com.tn\/#website","url":"https:\/\/lin.com.tn\/","name":"","description":"","potentialAction":[{"@type":"SearchAction","target":{"@type":"EntryPoint","urlTemplate":"https:\/\/lin.com.tn\/?s={search_term_string}"},"query-input":"required name=search_term_string"}],"inLanguage":"en-US"}]}},"rttpg_featured_image_url":null,"rttpg_author":{"display_name":"devlin-ad","author_link":"https:\/\/lin.com.tn\/index.php\/author\/devlin-ad\/"},"rttpg_comment":0,"rttpg_category":" <a href=\"https:\/\/lin.com.tn\/\" rel=\"tag\">Fran\u00e7ais<\/a>","rttpg_excerpt":"Mines, sabli\u00e8res et carri\u00e8res Produits et solutions Cimenteries et briqueteries","acf":[],"_links":{"self":[{"href":"https:\/\/lin.com.tn\/index.php\/wp-json\/wp\/v2\/pages\/11823","targetHints":{"allow":["GET"]}}],"collection":[{"href":"https:\/\/lin.com.tn\/index.php\/wp-json\/wp\/v2\/pages"}],"about":[{"href":"https:\/\/lin.com.tn\/index.php\/wp-json\/wp\/v2\/types\/page"}],"author":[{"embeddable":true,"href":"https:\/\/lin.com.tn\/index.php\/wp-json\/wp\/v2\/users\/2"}],"replies":[{"embeddable":true,"href":"https:\/\/lin.com.tn\/index.php\/wp-json\/wp\/v2\/comments?post=11823"}],"version-history":[{"count":8,"href":"https:\/\/lin.com.tn\/index.php\/wp-json\/wp\/v2\/pages\/11823\/revisions"}],"predecessor-version":[{"id":11831,"href":"https:\/\/lin.com.tn\/index.php\/wp-json\/wp\/v2\/pages\/11823\/revisions\/11831"}],"wp:attachment":[{"href":"https:\/\/lin.com.tn\/index.php\/wp-json\/wp\/v2\/media?parent=11823"}],"curies":[{"name":"wp","href":"https:\/\/api.w.org\/{rel}","templated":true}]}}