{"id":10799,"date":"2022-06-24T10:12:01","date_gmt":"2022-06-24T10:12:01","guid":{"rendered":"https:\/\/lin.com.tn\/?page_id=10799"},"modified":"2023-08-17T08:01:34","modified_gmt":"2023-08-17T08:01:34","slug":"solution-et-services","status":"publish","type":"page","link":"https:\/\/lin.com.tn\/index.php\/solution-et-services\/","title":{"rendered":"Produits et solutions"},"content":{"rendered":"\t\t<div data-elementor-type=\"wp-page\" data-elementor-id=\"10799\" class=\"elementor elementor-10799\">\n\t\t\t\t\t\t\t\t\t<section class=\"elementor-section elementor-top-section elementor-element elementor-element-b65b4cf elementor-section-boxed elementor-section-height-default elementor-section-height-default\" data-id=\"b65b4cf\" data-element_type=\"section\" data-settings=\"{&quot;background_background&quot;:&quot;classic&quot;}\">\n\t\t\t\t\t\t<div class=\"elementor-container elementor-column-gap-default\">\n\t\t\t\t\t<div class=\"elementor-column elementor-col-100 elementor-top-column elementor-element elementor-element-12ff99e\" data-id=\"12ff99e\" data-element_type=\"column\">\n\t\t\t<div class=\"elementor-widget-wrap elementor-element-populated\">\n\t\t\t\t\t\t\t\t<div class=\"elementor-element elementor-element-dd226cf elementor-widget elementor-widget-spacer\" data-id=\"dd226cf\" data-element_type=\"widget\" data-widget_type=\"spacer.default\">\n\t\t\t\t<div class=\"elementor-widget-container\">\n\t\t\t<style>\/*! elementor - v3.18.0 - 20-12-2023 *\/\n.elementor-column .elementor-spacer-inner{height:var(--spacer-size)}.e-con{--container-widget-width:100%}.e-con-inner>.elementor-widget-spacer,.e-con>.elementor-widget-spacer{width:var(--container-widget-width,var(--spacer-size));--align-self:var(--container-widget-align-self,initial);--flex-shrink:0}.e-con-inner>.elementor-widget-spacer>.elementor-widget-container,.e-con>.elementor-widget-spacer>.elementor-widget-container{height:100%;width:100%}.e-con-inner>.elementor-widget-spacer>.elementor-widget-container>.elementor-spacer,.e-con>.elementor-widget-spacer>.elementor-widget-container>.elementor-spacer{height:100%}.e-con-inner>.elementor-widget-spacer>.elementor-widget-container>.elementor-spacer>.elementor-spacer-inner,.e-con>.elementor-widget-spacer>.elementor-widget-container>.elementor-spacer>.elementor-spacer-inner{height:var(--container-widget-height,var(--spacer-size))}.e-con-inner>.elementor-widget-spacer.elementor-widget-empty,.e-con>.elementor-widget-spacer.elementor-widget-empty{position:relative;min-height:22px;min-width:22px}.e-con-inner>.elementor-widget-spacer.elementor-widget-empty .elementor-widget-empty-icon,.e-con>.elementor-widget-spacer.elementor-widget-empty .elementor-widget-empty-icon{position:absolute;top:0;bottom:0;left:0;right:0;margin:auto;padding:0;width:22px;height:22px}<\/style>\t\t<div class=\"elementor-spacer\">\n\t\t\t<div class=\"elementor-spacer-inner\"><\/div>\n\t\t<\/div>\n\t\t\t\t<\/div>\n\t\t\t\t<\/div>\n\t\t\t\t<div class=\"elementor-element elementor-element-7216ad7 elementor-widget elementor-widget-heading\" data-id=\"7216ad7\" data-element_type=\"widget\" data-widget_type=\"heading.default\">\n\t\t\t\t<div class=\"elementor-widget-container\">\n\t\t\t<style>\/*! elementor - v3.18.0 - 20-12-2023 *\/\n.elementor-heading-title{padding:0;margin:0;line-height:1}.elementor-widget-heading .elementor-heading-title[class*=elementor-size-]>a{color:inherit;font-size:inherit;line-height:inherit}.elementor-widget-heading .elementor-heading-title.elementor-size-small{font-size:15px}.elementor-widget-heading .elementor-heading-title.elementor-size-medium{font-size:19px}.elementor-widget-heading .elementor-heading-title.elementor-size-large{font-size:29px}.elementor-widget-heading .elementor-heading-title.elementor-size-xl{font-size:39px}.elementor-widget-heading .elementor-heading-title.elementor-size-xxl{font-size:59px}<\/style><h2 class=\"elementor-heading-title elementor-size-default\">Produits et solutions<\/h2>\t\t<\/div>\n\t\t\t\t<\/div>\n\t\t\t\t<div class=\"elementor-element elementor-element-b39c943 elementor-widget elementor-widget-spacer\" data-id=\"b39c943\" data-element_type=\"widget\" data-widget_type=\"spacer.default\">\n\t\t\t\t<div class=\"elementor-widget-container\">\n\t\t\t\t\t<div class=\"elementor-spacer\">\n\t\t\t<div class=\"elementor-spacer-inner\"><\/div>\n\t\t<\/div>\n\t\t\t\t<\/div>\n\t\t\t\t<\/div>\n\t\t\t\t\t<\/div>\n\t\t<\/div>\n\t\t\t\t\t\t\t<\/div>\n\t\t<\/section>\n\t\t\t\t<section class=\"elementor-section elementor-top-section elementor-element elementor-element-754b3c2 elementor-section-height-full elementor-section-boxed elementor-section-height-default elementor-section-items-middle\" data-id=\"754b3c2\" data-element_type=\"section\" data-settings=\"{&quot;background_background&quot;:&quot;classic&quot;}\">\n\t\t\t\t\t\t<div class=\"elementor-container elementor-column-gap-default\">\n\t\t\t\t\t<div class=\"elementor-column elementor-col-100 elementor-top-column elementor-element elementor-element-3d6b695 elementor-invisible\" data-id=\"3d6b695\" data-element_type=\"column\" data-settings=\"{&quot;animation&quot;:&quot;fadeInUp&quot;,&quot;animation_delay&quot;:500}\">\n\t\t\t<div class=\"elementor-widget-wrap elementor-element-populated\">\n\t\t\t\t\t\t\t\t<section class=\"elementor-section elementor-inner-section elementor-element elementor-element-e18c9de elementor-section-boxed elementor-section-height-default elementor-section-height-default\" data-id=\"e18c9de\" data-element_type=\"section\">\n\t\t\t\t\t\t<div class=\"elementor-container elementor-column-gap-default\">\n\t\t\t\t\t<div class=\"elementor-column elementor-col-25 elementor-inner-column elementor-element elementor-element-e04fca5\" data-id=\"e04fca5\" data-element_type=\"column\">\n\t\t\t<div class=\"elementor-widget-wrap elementor-element-populated\">\n\t\t\t\t\t\t\t\t<div class=\"elementor-element elementor-element-ca43fb9 produitCard dl-align-center elementor-widget elementor-widget-dl_promo_box\" data-id=\"ca43fb9\" data-element_type=\"widget\" data-settings=\"{&quot;dl_content_align&quot;:&quot;center&quot;}\" data-widget_type=\"dl_promo_box.default\">\n\t\t\t\t<div class=\"elementor-widget-container\">\n\t\t\t\t\t<div class=\"dl-promo-item style-1 top-icon\">\n\t\t\t<img decoding=\"async\" width=\"98\" height=\"109\" src=\"https:\/\/lin.com.tn\/wp-content\/uploads\/2022\/06\/Trace-32.png\" class=\"attachment-medium size-medium wp-image-10343\" alt=\"\" \/>\t\t\t<div class=\"promo-content\">\n\t\t\t<h3 >Mines, sabli\u00e8res\net carri\u00e8res<\/h3>\t\t\t<p >Exp\u00e9rience solide dans l'industrie extractive<\/p>\t\t\t\t\t\t\t<a href=\"\/index.php\/sablieres-et-carrieres\"   rel=\"nofollow\" class=\"read-more\">VOIR<\/a>\n\t\t\t\t\t\t<\/div>\n\t\t\t\t\t<\/div>\n\t\t\t<\/div>\n\t\t\t\t<\/div>\n\t\t\t\t\t<\/div>\n\t\t<\/div>\n\t\t\t\t<div class=\"elementor-column elementor-col-25 elementor-inner-column elementor-element elementor-element-53ba46f\" data-id=\"53ba46f\" data-element_type=\"column\">\n\t\t\t<div class=\"elementor-widget-wrap elementor-element-populated\">\n\t\t\t\t\t\t\t\t<div class=\"elementor-element elementor-element-c162d4b produitCard dl-align-center elementor-widget elementor-widget-dl_promo_box\" data-id=\"c162d4b\" data-element_type=\"widget\" data-settings=\"{&quot;dl_content_align&quot;:&quot;center&quot;}\" data-widget_type=\"dl_promo_box.default\">\n\t\t\t\t<div class=\"elementor-widget-container\">\n\t\t\t\t\t<div class=\"dl-promo-item style-1 top-icon\">\n\t\t\t<img decoding=\"async\" width=\"116\" height=\"81\" src=\"https:\/\/lin.com.tn\/wp-content\/uploads\/2022\/06\/Groupe-45.png\" class=\"attachment-medium size-medium wp-image-10330\" alt=\"\" \/>\t\t\t<div class=\"promo-content\">\n\t\t\t<h3 >Cimenteries et briqueteries<\/h3>\t\t\t<p >Innovation pour l'industrie du ciment<\/p>\t\t\t\t\t\t\t<a href=\"\/index.php\/cimenteries-et-briqueteries\"   rel=\"nofollow\" class=\"read-more\">VOIR<\/a>\n\t\t\t\t\t\t<\/div>\n\t\t\t\t\t<\/div>\n\t\t\t<\/div>\n\t\t\t\t<\/div>\n\t\t\t\t\t<\/div>\n\t\t<\/div>\n\t\t\t\t<div class=\"elementor-column elementor-col-25 elementor-inner-column elementor-element elementor-element-013d012\" data-id=\"013d012\" data-element_type=\"column\">\n\t\t\t<div class=\"elementor-widget-wrap elementor-element-populated\">\n\t\t\t\t\t\t\t\t<div class=\"elementor-element elementor-element-a1ef84c produitCard dl-align-center elementor-widget elementor-widget-dl_promo_box\" data-id=\"a1ef84c\" data-element_type=\"widget\" data-settings=\"{&quot;dl_content_align&quot;:&quot;center&quot;}\" data-widget_type=\"dl_promo_box.default\">\n\t\t\t\t<div class=\"elementor-widget-container\">\n\t\t\t\t\t<div class=\"dl-promo-item style-1 top-icon\">\n\t\t\t<img decoding=\"async\" width=\"98\" height=\"69\" src=\"https:\/\/lin.com.tn\/wp-content\/uploads\/2022\/06\/Groupe-768.png\" class=\"attachment-medium size-medium wp-image-10341\" alt=\"\" \/>\t\t\t<div class=\"promo-content\">\n\t\t\t<h3 >B\u00e2timent et Travaux Publics <\/h3>\t\t\t<p >Solutions sur mesure pour le secteur du BTP<\/p>\t\t\t\t\t\t\t<a href=\"https:\/\/lin.com.tn\/index.php\/batiment-et-travaux-publiques\/\"   rel=\"nofollow\" class=\"read-more\">VOIR<\/a>\n\t\t\t\t\t\t<\/div>\n\t\t\t\t\t<\/div>\n\t\t\t<\/div>\n\t\t\t\t<\/div>\n\t\t\t\t\t<\/div>\n\t\t<\/div>\n\t\t\t\t<div class=\"elementor-column elementor-col-25 elementor-inner-column elementor-element elementor-element-28b3271\" data-id=\"28b3271\" data-element_type=\"column\">\n\t\t\t<div class=\"elementor-widget-wrap elementor-element-populated\">\n\t\t\t\t\t\t\t\t<div class=\"elementor-element elementor-element-5b889da produitCard dl-align-center elementor-widget elementor-widget-dl_promo_box\" data-id=\"5b889da\" data-element_type=\"widget\" data-settings=\"{&quot;dl_content_align&quot;:&quot;center&quot;}\" data-widget_type=\"dl_promo_box.default\">\n\t\t\t\t<div class=\"elementor-widget-container\">\n\t\t\t\t\t<div class=\"dl-promo-item style-1 top-icon\">\n\t\t\t<img loading=\"lazy\" decoding=\"async\" width=\"91\" height=\"84\" src=\"https:\/\/lin.com.tn\/wp-content\/uploads\/2022\/06\/box.png\" class=\"attachment-medium size-medium wp-image-10338\" alt=\"\" \/>\t\t\t<div class=\"promo-content\">\n\t\t\t<h3 >Cartonnerie et Imprimerie <\/h3>\t\t\t<p >Solutions pour l'Industrie de la Cartonnerie et de l'Imprimerie<\/p>\t\t\t\t\t\t\t<a href=\"\"   rel=\"nofollow\" class=\"read-more\">VOIR<\/a>\n\t\t\t\t\t\t<\/div>\n\t\t\t\t\t<\/div>\n\t\t\t<\/div>\n\t\t\t\t<\/div>\n\t\t\t\t\t<\/div>\n\t\t<\/div>\n\t\t\t\t\t\t\t<\/div>\n\t\t<\/section>\n\t\t\t\t<section class=\"elementor-section elementor-inner-section elementor-element elementor-element-ccc6d77 elementor-section-boxed elementor-section-height-default elementor-section-height-default\" data-id=\"ccc6d77\" data-element_type=\"section\">\n\t\t\t\t\t\t<div class=\"elementor-container elementor-column-gap-default\">\n\t\t\t\t\t<div class=\"elementor-column elementor-col-25 elementor-inner-column elementor-element elementor-element-c21ae6a\" data-id=\"c21ae6a\" data-element_type=\"column\">\n\t\t\t<div class=\"elementor-widget-wrap elementor-element-populated\">\n\t\t\t\t\t\t\t\t<div class=\"elementor-element elementor-element-8afefb0 produitCard dl-align-center elementor-widget elementor-widget-dl_promo_box\" data-id=\"8afefb0\" data-element_type=\"widget\" data-settings=\"{&quot;dl_content_align&quot;:&quot;center&quot;}\" data-widget_type=\"dl_promo_box.default\">\n\t\t\t\t<div class=\"elementor-widget-container\">\n\t\t\t\t\t<div class=\"dl-promo-item style-1 top-icon\">\n\t\t\t<img loading=\"lazy\" decoding=\"async\" width=\"96\" height=\"96\" src=\"https:\/\/lin.com.tn\/wp-content\/uploads\/2022\/06\/gas-station.png\" class=\"attachment-medium size-medium wp-image-10339\" alt=\"\" \/>\t\t\t<div class=\"promo-content\">\n\t\t\t<h3 >P\u00e9trole et  Gaz<\/h3>\t\t\t<p >Partenaire de confiance pour l'industrie p\u00e9troli\u00e8re<\/p>\t\t\t\t\t\t\t<a href=\"https:\/\/lin.com.tn\/index.php\/petrole-et-gaz\/\"   rel=\"nofollow\" class=\"read-more\">VOIR<\/a>\n\t\t\t\t\t\t<\/div>\n\t\t\t\t\t<\/div>\n\t\t\t<\/div>\n\t\t\t\t<\/div>\n\t\t\t\t\t<\/div>\n\t\t<\/div>\n\t\t\t\t<div class=\"elementor-column elementor-col-25 elementor-inner-column elementor-element elementor-element-7b05706\" data-id=\"7b05706\" data-element_type=\"column\">\n\t\t\t<div class=\"elementor-widget-wrap elementor-element-populated\">\n\t\t\t\t\t\t\t\t<div class=\"elementor-element elementor-element-ad293ab produitCard dl-align-center elementor-widget elementor-widget-dl_promo_box\" data-id=\"ad293ab\" data-element_type=\"widget\" data-settings=\"{&quot;dl_content_align&quot;:&quot;center&quot;}\" data-widget_type=\"dl_promo_box.default\">\n\t\t\t\t<div class=\"elementor-widget-container\">\n\t\t\t\t\t<div class=\"dl-promo-item style-1 top-icon\">\n\t\t\t<img loading=\"lazy\" decoding=\"async\" width=\"102\" height=\"102\" src=\"https:\/\/lin.com.tn\/wp-content\/uploads\/2022\/06\/sorting-1.png\" class=\"attachment-medium size-medium wp-image-10342\" alt=\"\" \/>\t\t\t<div class=\"promo-content\">\n\t\t\t<h3 >Industries Agroalimentaires<\/h3>\t\t\t<p >Solutions sur mesure pour l'agroalimentaire<\/p>\t\t\t\t\t\t\t<a href=\"\"   rel=\"nofollow\" class=\"read-more\">VOIR<\/a>\n\t\t\t\t\t\t<\/div>\n\t\t\t\t\t<\/div>\n\t\t\t<\/div>\n\t\t\t\t<\/div>\n\t\t\t\t\t<\/div>\n\t\t<\/div>\n\t\t\t\t<div class=\"elementor-column elementor-col-25 elementor-inner-column elementor-element elementor-element-bbd4bed\" data-id=\"bbd4bed\" data-element_type=\"column\">\n\t\t\t<div class=\"elementor-widget-wrap elementor-element-populated\">\n\t\t\t\t\t\t\t\t<div class=\"elementor-element elementor-element-2859827 produitCard dl-align-center elementor-widget elementor-widget-dl_promo_box\" data-id=\"2859827\" data-element_type=\"widget\" data-settings=\"{&quot;dl_content_align&quot;:&quot;center&quot;}\" data-widget_type=\"dl_promo_box.default\">\n\t\t\t\t<div class=\"elementor-widget-container\">\n\t\t\t\t\t<div class=\"dl-promo-item style-1 top-icon\">\n\t\t\t<img loading=\"lazy\" decoding=\"async\" width=\"98\" height=\"69\" src=\"https:\/\/lin.com.tn\/wp-content\/uploads\/2022\/06\/Groupe-120.png\" class=\"attachment-medium size-medium wp-image-10340\" alt=\"\" \/>\t\t\t<div class=\"promo-content\">\n\t\t\t<h3 >Sous-traitance Industrielle <\/h3>\t\t\t<p >Externalisation sp\u00e9cialis\u00e9e pour vos projets<\/p>\t\t\t\t\t\t\t<a href=\"\"   rel=\"nofollow\" class=\"read-more\">VOIR<\/a>\n\t\t\t\t\t\t<\/div>\n\t\t\t\t\t<\/div>\n\t\t\t<\/div>\n\t\t\t\t<\/div>\n\t\t\t\t\t<\/div>\n\t\t<\/div>\n\t\t\t\t<div class=\"elementor-column elementor-col-25 elementor-inner-column elementor-element elementor-element-781c4dd\" data-id=\"781c4dd\" data-element_type=\"column\">\n\t\t\t<div class=\"elementor-widget-wrap elementor-element-populated\">\n\t\t\t\t\t\t\t\t<div class=\"elementor-element elementor-element-6ca23e7 produitCard dl-align-center elementor-widget elementor-widget-dl_promo_box\" data-id=\"6ca23e7\" data-element_type=\"widget\" data-settings=\"{&quot;dl_content_align&quot;:&quot;center&quot;}\" data-widget_type=\"dl_promo_box.default\">\n\t\t\t\t<div class=\"elementor-widget-container\">\n\t\t\t\t\t<div class=\"dl-promo-item style-1 top-icon\">\n\t\t\t<img loading=\"lazy\" decoding=\"async\" width=\"91\" height=\"84\" src=\"https:\/\/lin.com.tn\/wp-content\/uploads\/2022\/06\/box.png\" class=\"attachment-medium size-medium wp-image-10338\" alt=\"\" \/>\t\t\t<div class=\"promo-content\">\n\t\t\t<h3 >Industries diverses<\/h3>\t\t\t<p >Solutions personnalis\u00e9es pour industries vari\u00e9es\n<\/p>\t\t\t\t\t\t\t<a href=\"\"   rel=\"nofollow\" class=\"read-more\">VOIR<\/a>\n\t\t\t\t\t\t<\/div>\n\t\t\t\t\t<\/div>\n\t\t\t<\/div>\n\t\t\t\t<\/div>\n\t\t\t\t\t<\/div>\n\t\t<\/div>\n\t\t\t\t\t\t\t<\/div>\n\t\t<\/section>\n\t\t\t\t\t<\/div>\n\t\t<\/div>\n\t\t\t\t\t\t\t<\/div>\n\t\t<\/section>\n\t\t\t\t\t\t\t<\/div>\n\t\t","protected":false},"excerpt":{"rendered":"<p>Produits et solutions Mines, sabli\u00e8res et carri\u00e8res Exp\u00e9rience solide dans l&#8217;industrie extractive VOIR Cimenteries et briqueteries Innovation pour l&#8217;industrie du ciment VOIR B\u00e2timent et Travaux Publics Solutions sur mesure pour le secteur du BTP VOIR Cartonnerie et Imprimerie Solutions pour l&#8217;Industrie de la Cartonnerie et de l&#8217;Imprimerie VOIR P\u00e9trole et Gaz Partenaire de confiance pour<\/p>\n","protected":false},"author":2,"featured_media":0,"parent":0,"menu_order":0,"comment_status":"closed","ping_status":"closed","template":"elementor_canvas","meta":{"inline_featured_image":false,"footnotes":""},"class_list":["post-10799","page","type-page","status-publish","hentry"],"yoast_head":"<!-- This site is optimized with the Yoast SEO plugin v21.7 - https:\/\/yoast.com\/wordpress\/plugins\/seo\/ -->\n<title>Produits et solutions -<\/title>\n<meta name=\"robots\" content=\"index, follow, max-snippet:-1, max-image-preview:large, max-video-preview:-1\" \/>\n<link rel=\"canonical\" href=\"https:\/\/lin.com.tn\/index.php\/solution-et-services\/\" \/>\n<meta property=\"og:locale\" content=\"en_US\" \/>\n<meta property=\"og:type\" content=\"article\" \/>\n<meta property=\"og:title\" content=\"Produits et solutions -\" \/>\n<meta property=\"og:description\" content=\"Produits et solutions Mines, sabli\u00e8res et carri\u00e8res Exp\u00e9rience solide dans l&#8217;industrie extractive VOIR Cimenteries et briqueteries Innovation pour l&#8217;industrie du ciment VOIR B\u00e2timent et Travaux Publics Solutions sur mesure pour le secteur du BTP VOIR Cartonnerie et Imprimerie Solutions pour l&#8217;Industrie de la Cartonnerie et de l&#8217;Imprimerie VOIR P\u00e9trole et Gaz Partenaire de confiance pour\" \/>\n<meta property=\"og:url\" content=\"https:\/\/lin.com.tn\/index.php\/solution-et-services\/\" \/>\n<meta property=\"article:modified_time\" content=\"2023-08-17T08:01:34+00:00\" \/>\n<meta property=\"og:image\" content=\"https:\/\/lin.com.tn\/wp-content\/uploads\/2022\/06\/Trace-32.png\" \/>\n<meta name=\"twitter:card\" content=\"summary_large_image\" \/>\n<meta name=\"twitter:label1\" content=\"Est. reading time\" \/>\n\t<meta name=\"twitter:data1\" content=\"2 minutes\" \/>\n<script type=\"application\/ld+json\" class=\"yoast-schema-graph\">{\"@context\":\"https:\/\/schema.org\",\"@graph\":[{\"@type\":\"WebPage\",\"@id\":\"https:\/\/lin.com.tn\/index.php\/solution-et-services\/\",\"url\":\"https:\/\/lin.com.tn\/index.php\/solution-et-services\/\",\"name\":\"Produits et solutions -\",\"isPartOf\":{\"@id\":\"https:\/\/lin.com.tn\/#website\"},\"datePublished\":\"2022-06-24T10:12:01+00:00\",\"dateModified\":\"2023-08-17T08:01:34+00:00\",\"inLanguage\":\"en-US\",\"potentialAction\":[{\"@type\":\"ReadAction\",\"target\":[\"https:\/\/lin.com.tn\/index.php\/solution-et-services\/\"]}]},{\"@type\":\"WebSite\",\"@id\":\"https:\/\/lin.com.tn\/#website\",\"url\":\"https:\/\/lin.com.tn\/\",\"name\":\"\",\"description\":\"\",\"potentialAction\":[{\"@type\":\"SearchAction\",\"target\":{\"@type\":\"EntryPoint\",\"urlTemplate\":\"https:\/\/lin.com.tn\/?s={search_term_string}\"},\"query-input\":\"required name=search_term_string\"}],\"inLanguage\":\"en-US\"}]}<\/script>\n<!-- \/ Yoast SEO plugin. -->","yoast_head_json":{"title":"Produits et solutions -","robots":{"index":"index","follow":"follow","max-snippet":"max-snippet:-1","max-image-preview":"max-image-preview:large","max-video-preview":"max-video-preview:-1"},"canonical":"https:\/\/lin.com.tn\/index.php\/solution-et-services\/","og_locale":"en_US","og_type":"article","og_title":"Produits et solutions -","og_description":"Produits et solutions Mines, sabli\u00e8res et carri\u00e8res Exp\u00e9rience solide dans l&#8217;industrie extractive VOIR Cimenteries et briqueteries Innovation pour l&#8217;industrie du ciment VOIR B\u00e2timent et Travaux Publics Solutions sur mesure pour le secteur du BTP VOIR Cartonnerie et Imprimerie Solutions pour l&#8217;Industrie de la Cartonnerie et de l&#8217;Imprimerie VOIR P\u00e9trole et Gaz Partenaire de confiance pour","og_url":"https:\/\/lin.com.tn\/index.php\/solution-et-services\/","article_modified_time":"2023-08-17T08:01:34+00:00","og_image":[{"url":"https:\/\/lin.com.tn\/wp-content\/uploads\/2022\/06\/Trace-32.png"}],"twitter_card":"summary_large_image","twitter_misc":{"Est. reading time":"2 minutes"},"schema":{"@context":"https:\/\/schema.org","@graph":[{"@type":"WebPage","@id":"https:\/\/lin.com.tn\/index.php\/solution-et-services\/","url":"https:\/\/lin.com.tn\/index.php\/solution-et-services\/","name":"Produits et solutions -","isPartOf":{"@id":"https:\/\/lin.com.tn\/#website"},"datePublished":"2022-06-24T10:12:01+00:00","dateModified":"2023-08-17T08:01:34+00:00","inLanguage":"en-US","potentialAction":[{"@type":"ReadAction","target":["https:\/\/lin.com.tn\/index.php\/solution-et-services\/"]}]},{"@type":"WebSite","@id":"https:\/\/lin.com.tn\/#website","url":"https:\/\/lin.com.tn\/","name":"","description":"","potentialAction":[{"@type":"SearchAction","target":{"@type":"EntryPoint","urlTemplate":"https:\/\/lin.com.tn\/?s={search_term_string}"},"query-input":"required name=search_term_string"}],"inLanguage":"en-US"}]}},"rttpg_featured_image_url":null,"rttpg_author":{"display_name":"devlin-ad","author_link":"https:\/\/lin.com.tn\/index.php\/author\/devlin-ad\/"},"rttpg_comment":0,"rttpg_category":" <a href=\"https:\/\/lin.com.tn\/\" rel=\"tag\">Fran\u00e7ais<\/a>","rttpg_excerpt":"Produits et solutions Mines, sabli\u00e8res et carri\u00e8res Exp\u00e9rience solide dans l&#8217;industrie extractive VOIR Cimenteries et briqueteries Innovation pour l&#8217;industrie du ciment VOIR B\u00e2timent et Travaux Publics Solutions sur mesure pour le secteur du BTP VOIR Cartonnerie et Imprimerie Solutions pour l&#8217;Industrie de la Cartonnerie et de l&#8217;Imprimerie VOIR P\u00e9trole et Gaz Partenaire de confiance pour","acf":[],"_links":{"self":[{"href":"https:\/\/lin.com.tn\/index.php\/wp-json\/wp\/v2\/pages\/10799","targetHints":{"allow":["GET"]}}],"collection":[{"href":"https:\/\/lin.com.tn\/index.php\/wp-json\/wp\/v2\/pages"}],"about":[{"href":"https:\/\/lin.com.tn\/index.php\/wp-json\/wp\/v2\/types\/page"}],"author":[{"embeddable":true,"href":"https:\/\/lin.com.tn\/index.php\/wp-json\/wp\/v2\/users\/2"}],"replies":[{"embeddable":true,"href":"https:\/\/lin.com.tn\/index.php\/wp-json\/wp\/v2\/comments?post=10799"}],"version-history":[{"count":97,"href":"https:\/\/lin.com.tn\/index.php\/wp-json\/wp\/v2\/pages\/10799\/revisions"}],"predecessor-version":[{"id":12485,"href":"https:\/\/lin.com.tn\/index.php\/wp-json\/wp\/v2\/pages\/10799\/revisions\/12485"}],"wp:attachment":[{"href":"https:\/\/lin.com.tn\/index.php\/wp-json\/wp\/v2\/media?parent=10799"}],"curies":[{"name":"wp","href":"https:\/\/api.w.org\/{rel}","templated":true}]}}